{"id":7860,"date":"2023-01-17T18:39:47","date_gmt":"2023-01-17T18:39:47","guid":{"rendered":"https:\/\/reisreis.pt\/quienes-somos\/"},"modified":"2024-03-13T11:51:02","modified_gmt":"2024-03-13T11:51:02","slug":"quienes-somos","status":"publish","type":"page","link":"https:\/\/reisreis.pt\/es\/quienes-somos\/","title":{"rendered":"Quienes somos"},"content":{"rendered":"\t\t<div data-elementor-type=\"wp-page\" data-elementor-id=\"7860\" class=\"elementor elementor-7860 elementor-179\" data-elementor-post-type=\"page\">\n\t\t\t\t\t\t<section class=\"elementor-section elementor-top-section elementor-element elementor-element-792c1391 elementor-section-height-min-height elementor-section-boxed elementor-section-height-default elementor-section-items-middle\" data-id=\"792c1391\" data-element_type=\"section\" data-e-type=\"section\" data-settings=\"{&quot;background_background&quot;:&quot;classic&quot;}\">\n\t\t\t\t\t\t<div class=\"elementor-container elementor-column-gap-default\">\n\t\t\t\t\t<div class=\"elementor-column elementor-col-100 elementor-top-column elementor-element elementor-element-1b746ae\" data-id=\"1b746ae\" data-element_type=\"column\" data-e-type=\"column\">\n\t\t\t<div class=\"elementor-widget-wrap\">\n\t\t\t\t\t\t\t<\/div>\n\t\t<\/div>\n\t\t\t\t\t<\/div>\n\t\t<\/section>\n\t\t<div class=\"elementor-element elementor-element-c2916b1 e-flex e-con-boxed e-con e-parent\" data-id=\"c2916b1\" data-element_type=\"container\" data-e-type=\"container\">\n\t\t\t\t\t<div class=\"e-con-inner\">\n\t\t\t\t<div class=\"elementor-element elementor-element-08ba022 elementor-widget elementor-widget-heading\" data-id=\"08ba022\" data-element_type=\"widget\" data-e-type=\"widget\" data-widget_type=\"heading.default\">\n\t\t\t\t<div class=\"elementor-widget-container\">\n\t\t\t\t\t<h1 class=\"elementor-heading-title elementor-size-default\">Quienes somos<\/h1>\t\t\t\t<\/div>\n\t\t\t\t<\/div>\n\t\t\t\t<div class=\"elementor-element elementor-element-201b352 elementor-widget elementor-widget-text-editor\" data-id=\"201b352\" data-element_type=\"widget\" data-e-type=\"widget\" data-widget_type=\"text-editor.default\">\n\t\t\t\t<div class=\"elementor-widget-container\">\n\t\t\t\t\t\t\t\t\t<nav aria-label=\"breadcrumbs\" class=\"rank-math-breadcrumb\"><p><span class=\"last\">Home<\/span><\/p><\/nav>\n\t\t\t\t\t\t\t\t<\/div>\n\t\t\t\t<\/div>\n\t\t\t\t\t<\/div>\n\t\t\t\t<\/div>\n\t\t\t\t<section class=\"elementor-section elementor-top-section elementor-element elementor-element-5c120830 elementor-section-boxed elementor-section-height-default elementor-section-height-default\" data-id=\"5c120830\" data-element_type=\"section\" data-e-type=\"section\" id=\"process\" data-settings=\"{&quot;background_background&quot;:&quot;classic&quot;}\">\n\t\t\t\t\t\t<div class=\"elementor-container elementor-column-gap-custom\">\n\t\t\t\t\t<div class=\"elementor-column elementor-col-50 elementor-top-column elementor-element elementor-element-52d5d9b2\" data-id=\"52d5d9b2\" data-element_type=\"column\" data-e-type=\"column\">\n\t\t\t<div class=\"elementor-widget-wrap elementor-element-populated\">\n\t\t\t\t\t\t<div class=\"elementor-element elementor-element-e341897 elementor-widget elementor-widget-text-editor\" data-id=\"e341897\" data-element_type=\"widget\" data-e-type=\"widget\" data-widget_type=\"text-editor.default\">\n\t\t\t\t<div class=\"elementor-widget-container\">\n\t\t\t\t\t\t\t\t\t<h2>Sobre Nosotros<\/h2>\n<p>Reis &amp; Reis es una empresa de contabilidad con m\u00e1s de 17 a\u00f1os de experiencia, con oficinas en Almancil (Algarve) y en Lisboa.<\/p>\n<p>En la actualidad, Reis &amp; Reis presta sus servicios a empresas nacionales e internacionales de diversos sectores de actividad y a un amplio abanico de clientes particulares de varias nacionalidades y con diferentes necesidades, siempre con el objetivo de prestar el mejor servicio y asesoramiento.<\/p>\n<p>Nuestro equipo de profesionales especializados en las \u00e1reas de contabilidad, fiscalidad y recursos humanos busca dar el mejor apoyo a cada cliente, ajustado a sus necesidades espec\u00edficas.<\/p>\n<p>Como empresa, Reis &amp; Reis valora la honestidad, la integridad y la justicia hacia todos aquellos con los que mantiene relaciones profesionales, asegurando as\u00ed su continuo crecimiento.<\/p>\n\t\t\t\t\t\t\t\t<\/div>\n\t\t\t\t<\/div>\n\t\t\t\t\t<\/div>\n\t\t<\/div>\n\t\t\t\t<div class=\"elementor-column elementor-col-50 elementor-top-column elementor-element elementor-element-4fb1181f\" data-id=\"4fb1181f\" data-element_type=\"column\" data-e-type=\"column\">\n\t\t\t<div class=\"elementor-widget-wrap elementor-element-populated\">\n\t\t\t\t\t\t<div class=\"elementor-element elementor-element-1ab935c5 elementor-widget elementor-widget-text-editor\" data-id=\"1ab935c5\" data-element_type=\"widget\" data-e-type=\"widget\" data-widget_type=\"text-editor.default\">\n\t\t\t\t<div class=\"elementor-widget-container\">\n\t\t\t\t\t\t\t\t\t<h2><strong>Misi\u00f3n <\/strong><\/h2>\n<p>Proporcionar el mejor servicio a cada cliente, ajustado a sus necesidades y objetivos espec\u00edficos. A trav\u00e9s de nuestros servicios pretendemos conseguir el \u00e9xito de ambas partes.<\/p>\n<h2><strong>Visi\u00f3n <\/strong><\/h2>\n<p>Ser reconocidos como una entidad de confianza que garantiza la m\u00e1s alta calidad de servicio, contribuyendo a una colaboraci\u00f3n duradera y pr\u00f3spera con nuestros clientes.<\/p>\n<h2><strong>Valores<\/strong><\/h2>\n<p>En Reis &amp; Reis, la transparencia y la honestidad hacia el cliente, as\u00ed como la \u00e9tica con la que desempe\u00f1amos nuestro papel y nuestras obligaciones son tres principios fundamentales de nuestro trabajo. Creemos que sigui\u00e9ndolos, se alcanzar\u00e1 el \u00e9xito.<\/p>\n\t\t\t\t\t\t\t\t<\/div>\n\t\t\t\t<\/div>\n\t\t\t\t\t<\/div>\n\t\t<\/div>\n\t\t\t\t\t<\/div>\n\t\t<\/section>\n\t\t<div class=\"elementor-element elementor-element-c5d3666 e-flex e-con-boxed e-con e-parent\" data-id=\"c5d3666\" data-element_type=\"container\" data-e-type=\"container\" data-settings=\"{&quot;background_background&quot;:&quot;classic&quot;}\">\n\t\t\t\t\t<div class=\"e-con-inner\">\n\t\t<div class=\"elementor-element elementor-element-0e3bfea e-con-full e-flex e-con e-child\" data-id=\"0e3bfea\" data-element_type=\"container\" data-e-type=\"container\">\n\t\t\t\t<div class=\"elementor-element elementor-element-65d9895 elementor-widget elementor-widget-text-editor\" data-id=\"65d9895\" data-element_type=\"widget\" data-e-type=\"widget\" data-widget_type=\"text-editor.default\">\n\t\t\t\t<div class=\"elementor-widget-container\">\n\t\t\t\t\t\t\t\t\t<h3 style=\"margin-bottom: 10px;font-size: 19px;font-weight: 400;line-height: 32px;font-family: Merriweather, serif;color: #0f1f47;font-style: normal;letter-spacing: 1px;text-align: center;text-transform: uppercase !important\">CONOZCA A NUESTRO EQUIPO<\/h3>\n<div><\/div>\n\t\t\t\t\t\t\t\t<\/div>\n\t\t\t\t<\/div>\n\t\t<div class=\"elementor-element elementor-element-7161ff8 e-flex e-con-boxed e-con e-child\" data-id=\"7161ff8\" data-element_type=\"container\" data-e-type=\"container\">\n\t\t\t\t\t<div class=\"e-con-inner\">\n\t\t\t\t<div class=\"elementor-element elementor-element-f4cb696 elementor-position-top elementor-widget elementor-widget-image-box\" data-id=\"f4cb696\" data-element_type=\"widget\" data-e-type=\"widget\" data-widget_type=\"image-box.default\">\n\t\t\t\t<div class=\"elementor-widget-container\">\n\t\t\t\t\t<div class=\"elementor-image-box-wrapper\"><figure class=\"elementor-image-box-img\"><img fetchpriority=\"high\" decoding=\"async\" width=\"350\" height=\"350\" src=\"https:\/\/reisreis.pt\/wp-content\/uploads\/2023\/01\/Carlos_Reis.png\" class=\"attachment-full size-full wp-image-7418\" alt=\"\" srcset=\"https:\/\/reisreis.pt\/wp-content\/uploads\/2023\/01\/Carlos_Reis.png 350w, https:\/\/reisreis.pt\/wp-content\/uploads\/2023\/01\/Carlos_Reis-300x300.png 300w, https:\/\/reisreis.pt\/wp-content\/uploads\/2023\/01\/Carlos_Reis-150x150.png 150w\" sizes=\"(max-width: 350px) 100vw, 350px\" \/><\/figure><div class=\"elementor-image-box-content\"><h3 class=\"elementor-image-box-title\">Carlos Reis<\/h3><p class=\"elementor-image-box-description\">Contador certificado<\/p><\/div><\/div>\t\t\t\t<\/div>\n\t\t\t\t<\/div>\n\t\t\t\t<div class=\"elementor-element elementor-element-6e0bf07 elementor-position-top elementor-widget elementor-widget-image-box\" data-id=\"6e0bf07\" data-element_type=\"widget\" data-e-type=\"widget\" data-widget_type=\"image-box.default\">\n\t\t\t\t<div class=\"elementor-widget-container\">\n\t\t\t\t\t<div class=\"elementor-image-box-wrapper\"><figure class=\"elementor-image-box-img\"><img decoding=\"async\" width=\"350\" height=\"350\" src=\"https:\/\/reisreis.pt\/wp-content\/uploads\/2023\/01\/Aurora.png\" class=\"attachment-full size-full wp-image-7416\" alt=\"\" srcset=\"https:\/\/reisreis.pt\/wp-content\/uploads\/2023\/01\/Aurora.png 350w, https:\/\/reisreis.pt\/wp-content\/uploads\/2023\/01\/Aurora-300x300.png 300w, https:\/\/reisreis.pt\/wp-content\/uploads\/2023\/01\/Aurora-150x150.png 150w\" sizes=\"(max-width: 350px) 100vw, 350px\" \/><\/figure><div class=\"elementor-image-box-content\"><h3 class=\"elementor-image-box-title\">Aurora Reis<\/h3><p class=\"elementor-image-box-description\">Gerente Financiero<\/p><\/div><\/div>\t\t\t\t<\/div>\n\t\t\t\t<\/div>\n\t\t\t\t<div class=\"elementor-element elementor-element-b11228d elementor-position-top elementor-widget elementor-widget-image-box\" data-id=\"b11228d\" data-element_type=\"widget\" data-e-type=\"widget\" data-widget_type=\"image-box.default\">\n\t\t\t\t<div class=\"elementor-widget-container\">\n\t\t\t\t\t<div class=\"elementor-image-box-wrapper\"><figure class=\"elementor-image-box-img\"><img decoding=\"async\" width=\"350\" height=\"350\" src=\"https:\/\/reisreis.pt\/wp-content\/uploads\/2023\/01\/Ana_pais.png\" class=\"attachment-full size-full wp-image-7414\" alt=\"\" srcset=\"https:\/\/reisreis.pt\/wp-content\/uploads\/2023\/01\/Ana_pais.png 350w, https:\/\/reisreis.pt\/wp-content\/uploads\/2023\/01\/Ana_pais-300x300.png 300w, https:\/\/reisreis.pt\/wp-content\/uploads\/2023\/01\/Ana_pais-150x150.png 150w\" sizes=\"(max-width: 350px) 100vw, 350px\" \/><\/figure><div class=\"elementor-image-box-content\"><h3 class=\"elementor-image-box-title\">Ana Apais<\/h3><p class=\"elementor-image-box-description\">Secretaria<\/p><\/div><\/div>\t\t\t\t<\/div>\n\t\t\t\t<\/div>\n\t\t\t\t\t<\/div>\n\t\t\t\t<\/div>\n\t\t\t\t<\/div>\n\t\t\t\t\t<\/div>\n\t\t\t\t<\/div>\n\t\t\t\t<section class=\"elementor-section elementor-top-section elementor-element elementor-element-6560b2f8 elementor-section-boxed elementor-section-height-default elementor-section-height-default\" data-id=\"6560b2f8\" data-element_type=\"section\" data-e-type=\"section\" data-settings=\"{&quot;background_background&quot;:&quot;classic&quot;}\">\n\t\t\t\t\t\t<div class=\"elementor-container elementor-column-gap-default\">\n\t\t\t\t\t<div class=\"elementor-column elementor-col-100 elementor-top-column elementor-element elementor-element-66bb39f elementor-invisible\" data-id=\"66bb39f\" data-element_type=\"column\" data-e-type=\"column\" data-settings=\"{&quot;animation&quot;:&quot;fadeInLeft&quot;}\">\n\t\t\t<div class=\"elementor-widget-wrap elementor-element-populated\">\n\t\t\t\t\t\t<div class=\"elementor-element elementor-element-2c3ced64 elementor-widget-divider--view-line elementor-widget elementor-widget-divider\" data-id=\"2c3ced64\" data-element_type=\"widget\" data-e-type=\"widget\" data-widget_type=\"divider.default\">\n\t\t\t\t<div class=\"elementor-widget-container\">\n\t\t\t\t\t\t\t<div class=\"elementor-divider\">\n\t\t\t<span class=\"elementor-divider-separator\">\n\t\t\t\t\t\t<\/span>\n\t\t<\/div>\n\t\t\t\t\t\t<\/div>\n\t\t\t\t<\/div>\n\t\t\t\t<div class=\"elementor-element elementor-element-361be02c elementor-widget elementor-widget-heading\" data-id=\"361be02c\" data-element_type=\"widget\" data-e-type=\"widget\" data-widget_type=\"heading.default\">\n\t\t\t\t<div class=\"elementor-widget-container\">\n\t\t\t\t\t<h2 class=\"elementor-heading-title elementor-size-default\">Testimonios<\/h2>\t\t\t\t<\/div>\n\t\t\t\t<\/div>\n\t\t\t\t<div class=\"elementor-element elementor-element-265c970d alinhar-ao-centro elementor-widget elementor-widget-text-editor\" data-id=\"265c970d\" data-element_type=\"widget\" data-e-type=\"widget\" data-widget_type=\"text-editor.default\">\n\t\t\t\t<div class=\"elementor-widget-container\">\n\t\t\t\t\t\t\t\t\t<p class=\"text-center\">Lea lo que dicen nuestros clientes sobre nuestro nivel de servicio y el \u00e9xito que han logrado.<\/p>\n\t\t\t\t\t\t\t\t<\/div>\n\t\t\t\t<\/div>\n\t\t\t\t<div class=\"elementor-element elementor-element-40b2b844 elementor-widget elementor-widget-image\" data-id=\"40b2b844\" data-element_type=\"widget\" data-e-type=\"widget\" data-widget_type=\"image.default\">\n\t\t\t\t<div class=\"elementor-widget-container\">\n\t\t\t\t\t\t\t\t\t\t\t\t\t\t\t<img decoding=\"async\" src=\"https:\/\/reisreis.pt\/wp-content\/uploads\/elementor\/thumbs\/pngegg-1-q4me5k379kx90n91dfqzfbfsrdd9s3hwyuiu2q4v96.png\" title=\"pngegg-1.png\" alt=\"pngegg-1.png\" loading=\"lazy\" \/>\t\t\t\t\t\t\t\t\t\t\t\t\t\t\t<\/div>\n\t\t\t\t<\/div>\n\t\t\t\t<div class=\"elementor-element elementor-element-113a0021 elementor-testimonial--skin-default elementor-testimonial--layout-image_inline elementor-testimonial--align-center elementor-arrows-yes elementor-pagination-type-bullets elementor-widget elementor-widget-testimonial-carousel\" data-id=\"113a0021\" data-element_type=\"widget\" data-e-type=\"widget\" data-settings=\"{&quot;show_arrows&quot;:&quot;yes&quot;,&quot;pagination&quot;:&quot;bullets&quot;,&quot;speed&quot;:500,&quot;autoplay&quot;:&quot;yes&quot;,&quot;autoplay_speed&quot;:5000,&quot;loop&quot;:&quot;yes&quot;,&quot;pause_on_hover&quot;:&quot;yes&quot;,&quot;pause_on_interaction&quot;:&quot;yes&quot;,&quot;space_between&quot;:{&quot;unit&quot;:&quot;px&quot;,&quot;size&quot;:10,&quot;sizes&quot;:[]},&quot;space_between_tablet&quot;:{&quot;unit&quot;:&quot;px&quot;,&quot;size&quot;:10,&quot;sizes&quot;:[]},&quot;space_between_mobile&quot;:{&quot;unit&quot;:&quot;px&quot;,&quot;size&quot;:10,&quot;sizes&quot;:[]}}\" data-widget_type=\"testimonial-carousel.default\">\n\t\t\t\t<div class=\"elementor-widget-container\">\n\t\t\t\t\t\t\t\t\t<div class=\"elementor-swiper\">\n\t\t\t\t\t<div class=\"elementor-main-swiper swiper\" role=\"region\" aria-roledescription=\"carousel\" aria-label=\"Diapositivas\">\n\t\t\t\t<div class=\"swiper-wrapper\">\n\t\t\t\t\t\t\t\t\t\t\t<div class=\"swiper-slide\" role=\"group\" aria-roledescription=\"slide\">\n\t\t\t\t\t\t\t\t\t<div class=\"elementor-testimonial\">\n\t\t\t\t\t\t\t<div class=\"elementor-testimonial__content\">\n\t\t\t\t\t<div class=\"elementor-testimonial__text\">\n\t\t\t\t\t\t<p>\"Hemos confiado en Carlos Reis y su equipo de CRR desde el primer d\u00eda para la contabilidad y la administraci\u00f3n, pero sobre todo para el asesoramiento. Si usted o su empresa est\u00e1n buscando un asesor de confianza y un socio contable en el Algarve, no busque m\u00e1s. Ha llegado al lugar correcto\"<\/p>\n\t\t\t\t\t<\/div>\n\t\t\t\t\t\t\t\t\t<\/div>\n\t\t\t\t\t\t<div class=\"elementor-testimonial__footer\">\n\t\t\t\t\t\t\t\t<cite class=\"elementor-testimonial__cite\"><span class=\"elementor-testimonial__name\">Wim GE De Vos<\/span><\/cite>\t\t\t<\/div>\n\t\t<\/div>\n\t\t\t\t\t\t\t\t<\/div>\n\t\t\t\t\t\t\t\t\t\t\t<div class=\"swiper-slide\" role=\"group\" aria-roledescription=\"slide\">\n\t\t\t\t\t\t\t\t\t<div class=\"elementor-testimonial\">\n\t\t\t\t\t\t\t<div class=\"elementor-testimonial__content\">\n\t\t\t\t\t<div class=\"elementor-testimonial__text\">\n\t\t\t\t\t\t<p>\"Tuve la oportunidad de trabajar con Carlos en el desarrollo de una acci\u00f3n especial que la empresa realiz\u00f3 en el Algarve. Durante este periodo, tanto \u00e9l como su equipo mostraron siempre un alto nivel de dedicaci\u00f3n y compromiso. Siempre fueron accesibles y estuvieron abiertos a discutir y dar ideas sobre c\u00f3mo podr\u00edamos mejorar. Siempre en control de la acci\u00f3n. Un equipo realmente profesional. Si tengo que volver a realizar estas tareas, sin duda contactar\u00e9 con Carlos\"<\/p>\n\t\t\t\t\t<\/div>\n\t\t\t\t\t\t\t\t\t<\/div>\n\t\t\t\t\t\t<div class=\"elementor-testimonial__footer\">\n\t\t\t\t\t\t\t\t<cite class=\"elementor-testimonial__cite\"><span class=\"elementor-testimonial__name\">Rute Rodrigues<\/span><\/cite>\t\t\t<\/div>\n\t\t<\/div>\n\t\t\t\t\t\t\t\t<\/div>\n\t\t\t\t\t\t\t\t\t<\/div>\n\t\t\t\t\t\t\t\t\t\t\t\t\t\t\t<div class=\"elementor-swiper-button elementor-swiper-button-prev\" role=\"button\" tabindex=\"0\" aria-label=\"Anterior\">\n\t\t\t\t\t\t\t<i aria-hidden=\"true\" class=\"eicon-chevron-left\"><\/i>\t\t\t\t\t\t<\/div>\n\t\t\t\t\t\t<div class=\"elementor-swiper-button elementor-swiper-button-next\" role=\"button\" tabindex=\"0\" aria-label=\"Siguiente\">\n\t\t\t\t\t\t\t<i aria-hidden=\"true\" class=\"eicon-chevron-right\"><\/i>\t\t\t\t\t\t<\/div>\n\t\t\t\t\t\t\t\t\t\t\t\t\t\t\t\t<div class=\"swiper-pagination\"><\/div>\n\t\t\t\t\t\t\t\t\t\t\t\t<\/div>\n\t\t\t\t<\/div>\n\t\t\t\t\t\t\t\t<\/div>\n\t\t\t\t<\/div>\n\t\t\t\t\t<\/div>\n\t\t<\/div>\n\t\t\t\t\t<\/div>\n\t\t<\/section>\n\t\t\t\t<\/div>\n\t\t","protected":false},"excerpt":{"rendered":"<p>Quienes somos Sobre Nosotros Reis &amp; Reis es una empresa de contabilidad con m\u00e1s de 17 a\u00f1os de experiencia, con oficinas en Almancil (Algarve) y en Lisboa. En la actualidad, Reis &amp; Reis presta sus servicios a empresas nacionales e internacionales de diversos sectores de actividad y a un amplio abanico de clientes particulares de [&hellip;]<\/p>\n","protected":false},"author":1,"featured_media":0,"parent":0,"menu_order":0,"comment_status":"closed","ping_status":"closed","template":"elementor_header_footer","meta":{"inline_featured_image":false,"footnotes":""},"class_list":["post-7860","page","type-page","status-publish","hentry"],"_links":{"self":[{"href":"https:\/\/reisreis.pt\/es\/wp-json\/wp\/v2\/pages\/7860","targetHints":{"allow":["GET"]}}],"collection":[{"href":"https:\/\/reisreis.pt\/es\/wp-json\/wp\/v2\/pages"}],"about":[{"href":"https:\/\/reisreis.pt\/es\/wp-json\/wp\/v2\/types\/page"}],"author":[{"embeddable":true,"href":"https:\/\/reisreis.pt\/es\/wp-json\/wp\/v2\/users\/1"}],"replies":[{"embeddable":true,"href":"https:\/\/reisreis.pt\/es\/wp-json\/wp\/v2\/comments?post=7860"}],"version-history":[{"count":10,"href":"https:\/\/reisreis.pt\/es\/wp-json\/wp\/v2\/pages\/7860\/revisions"}],"predecessor-version":[{"id":8032,"href":"https:\/\/reisreis.pt\/es\/wp-json\/wp\/v2\/pages\/7860\/revisions\/8032"}],"wp:attachment":[{"href":"https:\/\/reisreis.pt\/es\/wp-json\/wp\/v2\/media?parent=7860"}],"curies":[{"name":"wp","href":"https:\/\/api.w.org\/{rel}","templated":true}]}}